{"id":4364,"date":"2024-07-11T09:42:25","date_gmt":"2024-07-11T13:42:25","guid":{"rendered":"https:\/\/sjogren.ca\/research\/"},"modified":"2024-08-03T17:34:53","modified_gmt":"2024-08-03T21:34:53","slug":"research","status":"publish","type":"page","link":"https:\/\/sjogren.ca\/en\/research\/","title":{"rendered":"Research"},"content":{"rendered":"\n\n\t<h3><strong>Recherche clinique Qu\u00e9bec: a new provincial resource for clinical research<\/strong><\/h3>\n<p>Medical research: the hidden face of the healthcare system. Like an iceberg, underneath the visible part of our healthcare system lies a medical research ecosystem in which numerous scientists, ethics committees and clinical research specialists work. Although still little-known, the medical research ecosystem is essential: it enables the development and improvement of all treatments offered to the population, and the analysis of their efficacy and safety.<\/p>\n<p>R\u00e9seau Catalis is rolling out a new 2024-2028 strategic plan in collaboration with its partners, the Minist\u00e8re de la Sant\u00e9 et des Services sociaux (MSSS) and the Minist\u00e8re de l&#8217;\u00c9conomie, de l&#8217;Innovation et de l&#8217;\u00c9nergie (MEIE). <a href=\"https:\/\/www.catalisquebec.com\/en\/2024\/05\/16\/the-catalis-network-rolls-out-a-new-strategic-plan-for-2024-2028\/\"><strong>For more information&#8230;<\/strong><\/a><\/p>\n<p>Clinical research is based on results obtained in the laboratory during the following stages: basic research and preclinical research. It seeks to prove the efficacy and safety of potential new treatments in humans, notably through clinical trials. Depending on the innovation under study, clinical trials are carried out with the participation of healthy people or people with a specific medical condition. Clinical trials are an essential step in the development of all innovative treatments that benefit the public. Clinical research falls into two broad categories: observational studies and interventional clinical trials. Both are conducted on human subjects. <a href=\"https:\/\/clinicaltrialsquebec.com\/clinical-research-types\/\"><strong>For more information&#8230;<\/strong><\/a><\/p>\n<p>More than 100,000 clinical trials are currently being conducted worldwide, including over 2,300 in Quebec. These trials are conducted in over 23 affiliated public health and social service establishments (hospitals, clinics and local community service centers [CLSCs]) by more than 675 researchers.<\/p>\n<p>The active participation of patients is essential in clinical research. It enables the development of medical innovations that improve the quality of life of the entire population. Participating in a clinical trial can help advance research, propel innovation in healthcare and, in the longer term, provide better treatment options for the entire population. <a href=\"https:\/\/clinicaltrialsquebec.com\/why-participate-clinical-trial\/\"><b>To more information&#8230;<\/b><\/a><\/p>\n<hr \/>\n<h3><strong>Study description <\/strong>\u00a0&#8211;\u00a0\u00a01 center<\/h3>\n<h3><strong>Study summary<\/strong><\/h3>\n<p>L&#8217;objectif de l&#8217;\u00e9tude est d&#8217;\u00e9valuer l&#8217;efficacit\u00e9 de l&#8217;ianalumab (\u00e9galement appel\u00e9 VAY736) chez les personnes atteintes d&#8217;un syndrome de Sj\u00f6gren actif. \u00c9tant donn\u00e9 qu&#8217;aucun traitement syst\u00e9mique n&#8217;est approuv\u00e9 pour le syndrome de Sj\u00f6gren, cette \u00e9tude permettra de comparer l&#8217;ianalumab et un placebo, c&#8217;est-\u00e0-dire une substance qui ressemble \u00e0 un m\u00e9dicament, mais qui n&#8217;exerce aucun effet th\u00e9rapeutique.(FAST TRACK) NEPTUNUS-2 &#8211; Une \u00e9tude de phase 3 multicentrique \u00e0 trois bras, randomis\u00e9e, en double aveugle, contr\u00f4l\u00e9e par placebo pour \u00e9valuer l&#8217;efficacit\u00e9 et la s\u00e9curit\u00e9 de l&#8217;ianalumab chez les patients atteints du syndrome de sj\u00f6gren actif (neptunus-2).<\/p>\n<p>M\u00e9dicament exp\u00e9rimental &#8211; Phase III<\/p>\n<p><strong>CRIT\u00c8RES DE S\u00c9LECTION<\/strong><\/p>\n<p><em>Crit\u00e8res d&#8217;inclusion<\/em><\/p>\n<ul>\n<li>Femmes et hommes \u00e2g\u00e9s de \u2265 18 ans<\/li>\n<li>Classification du syndrome de Sj\u00f6gren selon les crit\u00e8res ACR\/EULAR 2016<\/li>\n<li>Temps \u00e9coul\u00e9 depuis le diagnostic du syndrome de Sj\u00f6gren de \u2264 7,5 ans lors du d\u00e9pistage<\/li>\n<\/ul>\n<p><em>Crit\u00e8res d&#8217;exclusion<\/em><\/p>\n<ul>\n<li>Pr\u00e9sence d&#8217;une autre maladie rhumatismale auto-immune qui est active et constitue la maladie principale, selon certains crit\u00e8res<\/li>\n<li>Utilisation d&#8217;autres m\u00e9dicaments exp\u00e9rimentaux, selon certains crit\u00e8res<\/li>\n<li>Traitement ant\u00e9rieur avec l&#8217;ianalumab<\/li>\n<\/ul>\n<strong><b>1-CENTRE HOSPITALIER UNIVERSITAIRE DE SHERBROOKE,\u00a0<\/b>QU\u00c9BEC, CANADA\u00a0<b>&#8211;<\/b>\u00a0<\/strong>Derni\u00e8re modification :\u00a019 juin 2024\n<p>Recrutement local &#8211; Coordonn\u00e9es pour le recrutement &#8211;\u00a0<strong><a href=\"mailto:chantal.guillet.ciussse-chus@ssss.gouv.qc.ca\">chantal.guillet.ciussse-chus@ssss.gouv.qc.ca<\/a><\/strong>\u00a0&#8211; 918-346-1110\u00a0poste 12821<\/p>\n<ul>\n<li>chercheurs : H. Allard-Chamard<\/li>\n<li>co-chercheurs : S.Roux<\/li>\n<li><strong><a href=\"https:\/\/recherchesantequebec.ca\/public\/projects\/124068?current_search_uuid=86a2f653-80be-45c5-adb5-e8f3ef1cbe8d\">Pour en savoir plus&#8230;<\/a><\/strong><\/li>\n<\/ul>\n<p><em>\u00c9tat du recrutement :\u00a0POSSIBLEMENT OUVERT\u00a0<\/em><\/p>\n<hr \/>\n<h3><strong>Study description <\/strong>\u00a0&#8211;\u00a0\u00a01 center<\/h3>\n<p><em><strong>This study is aimed at people who have undergone a corneal transplant.<\/strong><\/em><\/p>\n<h3><strong>Study summary<\/strong><\/h3>\n<p>La fonte corn\u00e9enne est une complication qui peut affecter les yeux tr\u00e8s malades et entra\u00eener l&#8217;amincissement de la corn\u00e9e (la fen\u00eatre transparente couvrant les yeux). Cet amincissement peut entra\u00eener de graves cons\u00e9quences telles que la fuite du liquide \u00e0 l&#8217;int\u00e9rieur de l&#8217;\u0153il (perforation oculaire), voire la c\u00e9cit\u00e9. La fonte corn\u00e9enne peut \u00eatre caus\u00e9e par certaines infections ou comme un processus st\u00e9rile. Ce projet ne concerne que les patients souffrant d&#8217;une fonte corn\u00e9enne st\u00e9rile (sans infection) caus\u00e9e par des maladies telles que la rosac\u00e9e, le syndrome de Sjogren, la polyarthrite rhumato\u00efde, la maladie de Crohn, le syndrome de Stevens Johnson, ainsi que la n\u00e9crolyse \u00e9pidermique toxique ou le pemphigo\u00efde des muqueuses.<\/p>\n<p>L&#8217;infliximab est un anticorps contre le facteur de n\u00e9crose tumorale alpha et a \u00e9t\u00e9 utilis\u00e9 pour traiter ou pr\u00e9venir la fonte corn\u00e9enne chez certains patients atteints de maladies inflammatoires ou auto-immunes. Dans cette situation, l&#8217;infliximab a \u00e9t\u00e9 utilis\u00e9 par voie intraveineuse pour traiter tout le corps.<\/p>\n<p>L&#8217;hypoth\u00e8se de cette \u00e9tude est que l&#8217;infliximab peut \u00eatre utilis\u00e9 en toute s\u00e9curit\u00e9 sous forme de gouttes pour les yeux pour le traitement de la fonte corn\u00e9enne st\u00e9rile.<\/p>\n<p><b>1-CENTRE HOSPITALIER DE L&#8217;UNIVERSIT\u00c9 DE MONTR\u00c9AL &#8211; CHUM, QU\u00c9BEC, CANADA\u00a0<\/b>&#8211; Derni\u00e8re modification : 11 f\u00e9vrier 2024\u00a0<\/p>\n<ul>\n<li>Recrutement local &#8211; Coordonn\u00e9es pour le recrutement &#8211; Dre Marie-Claude Robert &#8211; 514-890-8000<\/li>\n<li>chercheurs: Dre Marie-Claude Robert &#8211;\u00a0<a href=\"mailto:marie-claude.robert.2@umontreal.ca\"><b>marie-claude.robert.2@montreal.ca<\/b><\/a><\/li>\n<li>chercheurs: Marie-Catherine Tessier &#8211;\u00a0<a href=\"mailto:marie-catherine.tessier.chum@ssss.gouv.qc.ca\"><b>marie-catherine.tessier.chum@ssss.gouv.qc.ca<\/b><\/a><\/li>\n<\/ul>\n<p><strong>\u00a0CRIT\u00c8RES DE S\u00c9LECTION<\/strong><\/p>\n<p><i>Crit\u00e8res d&#8217;inclusion<\/i><\/p>\n<ul>\n<li>\u00c2ge de 18 \u00e0 80 ans;<\/li>\n<li>Tout degr\u00e9 de fonte corn\u00e9enne st\u00e9rile active, document\u00e9 par un examen \u00e0 la lampe \u00e0 fente, montrant un d\u00e9faut \u00e9pith\u00e9lial et un amincissement stromal;<\/li>\n<li>Bilan n\u00e9gatif pour les causes infectieuses locales et syst\u00e9miques<\/li>\n<li>Cultures corn\u00e9ennes n\u00e9gatives (peuvent montrer la croissance de contaminants communs)<\/li>\n<li>Capable de fournir un consentement \u00e9clair\u00e9;<\/li>\n<li>Capable d&#8217;administrer des gouttes pour les yeux soit eux-m\u00eames soit par l&#8217;interm\u00e9diaire d&#8217;un aidant.<\/li>\n<\/ul>\n<p><i>Crit\u00e8res d&#8217;exclusion:<\/i><\/p>\n<ul>\n<li>Toute infection oculaire ou syst\u00e9mique active y compris la tuberculose active ou latente, l&#8217;histoplasmose, la coccidio\u00efdomycose, le cytom\u00e9galovirus, la pneumocystose, l&#8217;aspergillose ou l&#8217;h\u00e9patite B.<\/li>\n<li>Ant\u00e9c\u00e9dents de n\u00e9oplasie diagnostiqu\u00e9e au cours des 5 derni\u00e8res ann\u00e9es<\/li>\n<li>Maladie d\u00e9my\u00e9linisante<\/li>\n<li>Diab\u00e8te<\/li>\n<li>Insuffisance cardiaque congestive<\/li>\n<li>Anomalies significatives de la num\u00e9ration globulaire, de la cr\u00e9atinine ou des enzymes h\u00e9patiques<\/li>\n<li>Grossesse ou allaitement<\/li>\n<li>Allergie \u00e0 l&#8217;infliximab ou au v\u00e9hicule du m\u00e9dicament (Refresh liquigel)<\/li>\n<li>Utilisation pass\u00e9e ou pr\u00e9sente de m\u00e9dicaments anti-TNF-\u03b1 ou de l&#8217;antagoniste du r\u00e9cepteur de l&#8217;interleukine-1 humaine (anakinra, IL-1Ra)<\/li>\n<\/ul>\n<p><a href=\"https:\/\/recherchesantequebec.ca\/public\/projects\/107350?current_search_uuid=86a2f653-80be-45c5-adb5-e8f3ef1cbe8d&amp;locale=fr\"><b>En savoir plus&#8230;<\/b><\/a><\/p>\n<p><i>\u00c9tat du recrutement : OUVERT<\/i><\/p>\n<hr \/>\n<h3><strong>Study description <\/strong>\u00a0&#8211;\u00a0 2 centers<\/h3>\n<h3><strong>Study summary<\/strong><\/h3>\n<p>Le but de cette \u00e9tude est d&#8217;\u00e9valuer l&#8217;innocuit\u00e9 et l&#8217;efficacit\u00e9 de deux doses de deucravacitinib chez les adultes atteints du syndrome de Sj\u00f6gren actif.<\/p>\n<p>M\u00e9dicament exp\u00e9rimental &#8211; Phase III<\/p>\n<ul>\n<li>Population cible &#8211; CONDITION M\u00c9DICALE (SP\u00c9CIALIT\u00c9 VIS\u00c9E)<\/li>\n<li>PROFIL DES PARTICIPANTS &#8211; Sexe(s) des participants &#8211; TOUS<\/li>\n<\/ul>\n<p><b>CRIT\u00c8RES DE S\u00c9LECTION<\/b><\/p>\n<p><i>Crit\u00e8res d&#8217;inclusion<\/i><\/p>\n<ul>\n<li>Satisfaire les crit\u00e8res de classification du SjS de 2016 du Coll\u00e8ge am\u00e9ricain de rhumatologie\/Ligue europ\u00e9enne contre le rhumatisme avec une dur\u00e9e de la maladie (depuis le diagnostic) d&#8217;au moins 16 semaines avant le d\u00e9pistage.<\/li>\n<li>Avoir un SjS de mod\u00e9r\u00e9 \u00e0 s\u00e9v\u00e8re ESSDAI \u2265 5.<\/li>\n<li>Dur\u00e9e courte de la maladie (\u2264 10 ans) avant le d\u00e9pistage.<\/li>\n<li>Un flux salivaire stimul\u00e9 total (SWSF) \u2265 0,05 millilitres\/minute (mL\/minute).<\/li>\n<li>Antig\u00e8ne A associ\u00e9 au syndrome de Sj\u00f6gren positif (anti-Ro\/SSA) au d\u00e9pistage.<\/li>\n<\/ul>\n<p><em>Crit\u00e8res d&#8217;exclusion<\/em><\/p>\n<ul>\n<li>Maladie auto-immune autre que SjS (par exemple, polyarthrite rhumato\u00efde, lupus \u00e9ryth\u00e9mateux syst\u00e9mique [SLE], scl\u00e9rodermie syst\u00e9mique).<\/li>\n<li>Fibromyalgie active avec des sympt\u00f4mes ou des signes de douleur qui interf\u00e9reraient avec l&#8217;\u00e9valuation des articulations ou n\u00e9cessiteraient un ajustement des m\u00e9dicaments dans les 3 mois pr\u00e9c\u00e9dant le d\u00e9pistage pour contr\u00f4ler les sympt\u00f4mes; les participants ayant une fibromyalgie bien contr\u00f4l\u00e9e sous traitement stable peuvent par ailleurs \u00eatre consid\u00e9r\u00e9s.<\/li>\n<li>Condition m\u00e9dicale associ\u00e9e au syndrome sec.<\/li>\n<li>Exposition ant\u00e9rieure aux inhibiteurs de la tyrosine kinase 2 (TYK2) tels que le deucravacitinib ou des compos\u00e9s apparent\u00e9s.<\/li>\n<li>D&#8217;autres crit\u00e8res d&#8217;inclusion\/exclusion d\u00e9finis par le protocole s&#8217;appliquent.<\/li>\n<\/ul>\n<strong>1-CENTRE DE RECHERCHE MUSCULO-SQUELETTIQUE,\u00a0TROIS-RIVI\u00c8RES,\u00a0<\/strong><strong>QU\u00c9BEC, CANADA<\/strong>\u00a0<strong>&#8211;\u00a0<\/strong>Derni\u00e8re modification :\u00a011 juillet 2024\nRecrutement local &#8211; Coordonn\u00e9es pour le recrutement &#8211;\u00a0<a href=\"mailto:clinical.trials@bms.com\"><strong>clinical.trials@bms.com<\/strong><\/a>\u00a0 &#8211; 855-907-3286\n<ul>\n<li>chercheurs: 819-370-1301<\/li>\n<li><a href=\"https:\/\/recherchesantequebec.ca\/public\/projects\/168892?locale=fr\"><strong>En savoir plus&#8230;<\/strong><\/a><\/li>\n<\/ul>\n<p><em>\u00c9tat du recrutement :\u00a0OUVERT<\/em><\/p>\n<strong>2-DIEX RECHERCHE SHERBROOKE, Sherbrooke, QUEBEC, CANADA &#8211;\u00a0<\/strong>Derni\u00e8re modification :\u00a011 juillet 2024\nRecrutement local &#8211; Coordonn\u00e9es pour le recrutement &#8211;\u00a0<a href=\"mailto:clinical.trials@bms.com\"><strong>clinical.trials@bms.com<\/strong><\/a>\u00a0&#8211; 855-907-3286\n<ul>\n<li>chercheurs: 819-346-2887<\/li>\n<li><strong><a href=\"https:\/\/recherchesantequebec.ca\/public\/projects\/124068?current_search_uuid=86a2f653-80be-45c5-adb5-e8f3ef1cbe8d\">Pour en savoir plus&#8230;<\/a><\/strong><\/li>\n<\/ul>\n<p><em>\u00c9tat du recrutement :\u00a0OUVERT<\/em><\/p>\n<hr \/>\n<h3><b>Studies in progress : <\/b><b><strong>I want to apply to this clinical study<\/strong><\/b><\/h3>\n<p>Are you or a loved one affected by Sjogren&#8217;s Syndrome ? Join our innovative clinical study and help advance research against this debilitating disease.<\/p>\n<p><strong><u>Why Participate?<\/u><\/strong><\/p>\n<p>Sj\u00f6gren&#8217;s Syndrome is a rare autoimmune disease that affects millions of people worldwide. Symptoms can be debilitating, ranging from dry eyes and mouth to joint and muscle pain. Our clinical study is an opportunity to make a significant difference in the lives of our participants with this disease.<\/p>\n<p><strong><u>The Benefits of Participation<\/u><\/strong><\/p>\n<ul>\n<li>Access to cutting-edge treatments: You will have access to the latest advances in the field of research against Sj\u00f6gren&#8217;s Syndrome.<\/li>\n<li>Free medical care: Participants in our clinical study receive free medical care, including consultations with our experts.<\/li>\n<li>Contribute to research: Your participation will help advance the understanding and treatment of Sj\u00f6gren Syndrome.<\/li>\n<li>Financial compensation: Participants will receive financial compensation for their time and travel.<\/li>\n<\/ul>\n<p><strong><u>Participation Criterias<\/u><\/strong><\/p>\n<ul>\n<li>Be aged 18 and over<\/li>\n<li>Have been diagnosed with Sj\u00f6gren&#8217;s Syndrome for less than 10 years<\/li>\n<\/ul>\n<p><strong><u>How to participate<\/u><\/strong><\/p>\n<ul>\n<li>Complete the contact form below to express your interest in participating in our clinical study.<\/li>\n<li>Our research team will contact you to discuss your eligibility and answer your questions.<\/li>\n<li>If you are eligible, you will be invited to participate in the clinical study.<\/li>\n<li>Your Contribution Matters.<\/li>\n<\/ul>\n<p>By participating in our clinical study, you become an essential link in the fight against Sj\u00f6gren Syndrome. Together, we can improve the quality of life of patients and advance medical research. Fight Sj\u00f6gren Syndrome by participating in our clinical study.\u00a0 \u00a0<a href=\"https:\/\/www.diex.ca\/nos-etudes\/maladie-de-sjogren\/\"><strong>For more information&#8230;<\/strong><\/a><\/p>\n<h5><i>2024-07-11<\/i><\/h5>\n<hr \/>\n<h3><b>Studies in progress : <\/b><b>Sj\u00f6gren&#8217; <\/b><b>Syndrome<\/b><\/h3>\n<p>Sj\u00f6gren&#8217;s syndrome is an autoimmune disease, which occurs when the immune system is out of balance. In Sj\u00f6gren&#8217;s syndrome, the white blood cells of the immune system attack the glands responsible for lubrication and other tissues in the body. This explains the constant dryness of your eyes and your mouth. Researchers suspect that the immune response could be due to several factors, including viral infections, hormonal changes and stress. A genetic factor could also come into play, because sometimes related conditions are observed in members of the same family.<\/p>\n<p><strong>It may be possible for you to participate in this study if:<\/strong><\/p>\n<ul>\n<li>YOU ARE BETWEEN 18 AND 80 INCLUSIVELY<\/li>\n<li>YOU HAD A DIAGNOSIS OF THE ILLNESS FOR 7 YEARS OR UNDER.<\/li>\n<li><a href=\"https:\/\/www.diex.ca\/nos-etudes\/syndrome-de-sjogren\/\"><strong>FOR MORE INFORMATION&#8230;<\/strong><\/a><\/li>\n<\/ul>\n<h5><i>2024-07-12<\/i><\/h5>\n<hr \/>\n<h3>Research project on dry eyes with Sj\u00f6gren&#8217;s syndrome at CHUM Montreal<\/h3>\n<p>If you suffer from dry eyes, have been diagnosed with Sj\u00f6gren&#8217;s disease, or are in the process of being diagnosed, and would like to participate in this research project, please contact us. A clinic is being offered on August 2, 2023 in Montreal for a non-invasive tear collection using a Schirmer strip (most of us have experienced such a collection during regular visits to the ophthalmologist).<\/p>\n<p>Are you interested in taking part in this research project?<\/p>\n<p>Please leave your contact details at the following e-mail address: <strong>sjogrenquebec@gmail.com.<\/strong> Pour For more information, please contact us at <strong>514-934-3666<\/strong>. The contact details of those interested in participating in this research project will be sent to the researchers in charge. You will then be contacted directly by the research center to confirm the date and time of your appointment.<\/p>\n<p>This is a great opportunity for us to advance research for better diagnosis.<\/p>\n<p>Recruitment status: CLOSED<\/p>\n<h5><em>2023-07-29<\/em><\/h5>\n<hr \/>\n<h3><strong>NEPTUNUS-2 Study: Sjogren&#8217;s Syndrome Clinical Trial Approved<\/strong><\/h3>\n<p>In\u00a0<strong>NEPTUNUS-2<\/strong>, a phase III study, Novartis and Dr. Isabelle Fortin are testing the efficacy and safety of Ianalumab in patients with\u00a0<strong>Sj\u00f6gren Syndrome<\/strong>, a rare disease. This study, which is taking place in 195 sites in 30 countries and aims to recruit 489 patients across the globe, was authorized in Quebec in 8 weeks by the Centre int\u00e9gr\u00e9 de sant\u00e9 et de services sociaux du Bas-Saint-Laurent- Dre Isabelle Fortin, rhumatologue, CISSS Bas-Saint-Laurent.<\/p>\n<p>Recruitment status: CLOSED<\/p>\n<h5><i>2022-12-08<\/i><\/h5>\n<hr \/>\n\n\n","protected":false},"excerpt":{"rendered":"<p>Recherche clinique Qu\u00e9bec: a new provincial resource for clinical research Medical research: the hidden face of the healthcare system. Like an iceberg, underneath the visible part of our healthcare system lies a medical research ecosystem in which numerous scientists, ethics committees and clinical research specialists work. Although still little-known, the medical research ecosystem is essential: [&hellip;]<\/p>\n","protected":false},"author":3,"featured_media":0,"parent":0,"menu_order":0,"comment_status":"closed","ping_status":"closed","template":"template-page-builder.php","meta":{"_genesis_hide_title":false,"_genesis_hide_breadcrumbs":false,"_genesis_hide_singular_image":false,"_genesis_hide_footer_widgets":false,"_genesis_custom_body_class":"","_genesis_custom_post_class":"","_genesis_layout":"","footnotes":""},"class_list":{"0":"post-4364","1":"page","2":"type-page","3":"status-publish","5":"entry"},"yoast_head":"<!-- This site is optimized with the Yoast SEO plugin v27.0 - https:\/\/yoast.com\/product\/yoast-seo-wordpress\/ -->\n<title>Research - Association du syndrome de Sj\u00f6gren<\/title>\n<meta name=\"robots\" content=\"index, follow, max-snippet:-1, max-image-preview:large, max-video-preview:-1\" \/>\n<link rel=\"canonical\" href=\"https:\/\/sjogren.ca\/en\/research\/\" \/>\n<meta property=\"og:locale\" content=\"en_US\" \/>\n<meta property=\"og:type\" content=\"article\" \/>\n<meta property=\"og:title\" content=\"Research - Association du syndrome de Sj\u00f6gren\" \/>\n<meta property=\"og:description\" content=\"Recherche clinique Qu\u00e9bec: a new provincial resource for clinical research Medical research: the hidden face of the healthcare system. Like an iceberg, underneath the visible part of our healthcare system lies a medical research ecosystem in which numerous scientists, ethics committees and clinical research specialists work. Although still little-known, the medical research ecosystem is essential: [&hellip;]\" \/>\n<meta property=\"og:url\" content=\"https:\/\/sjogren.ca\/en\/research\/\" \/>\n<meta property=\"og:site_name\" content=\"Association du syndrome de Sj\u00f6gren\" \/>\n<meta property=\"article:modified_time\" content=\"2024-08-03T21:34:53+00:00\" \/>\n<meta name=\"twitter:card\" content=\"summary_large_image\" \/>\n<meta name=\"twitter:label1\" content=\"Est. reading time\" \/>\n\t<meta name=\"twitter:data1\" content=\"10 minutes\" \/>\n<script type=\"application\/ld+json\" class=\"yoast-schema-graph\">{\"@context\":\"https:\/\/schema.org\",\"@graph\":[{\"@type\":\"WebPage\",\"@id\":\"https:\/\/sjogren.ca\/en\/research\/\",\"url\":\"https:\/\/sjogren.ca\/en\/research\/\",\"name\":\"Research - Association du syndrome de Sj\u00f6gren\",\"isPartOf\":{\"@id\":\"https:\/\/sjogren.ca\/en\/#website\"},\"datePublished\":\"2024-07-11T13:42:25+00:00\",\"dateModified\":\"2024-08-03T21:34:53+00:00\",\"breadcrumb\":{\"@id\":\"https:\/\/sjogren.ca\/en\/research\/#breadcrumb\"},\"inLanguage\":\"en-US\",\"potentialAction\":[{\"@type\":\"ReadAction\",\"target\":[\"https:\/\/sjogren.ca\/en\/research\/\"]}]},{\"@type\":\"BreadcrumbList\",\"@id\":\"https:\/\/sjogren.ca\/en\/research\/#breadcrumb\",\"itemListElement\":[{\"@type\":\"ListItem\",\"position\":1,\"name\":\"Accueil\",\"item\":\"https:\/\/sjogren.ca\/en\/\"},{\"@type\":\"ListItem\",\"position\":2,\"name\":\"Research\"}]},{\"@type\":\"WebSite\",\"@id\":\"https:\/\/sjogren.ca\/en\/#website\",\"url\":\"https:\/\/sjogren.ca\/en\/\",\"name\":\"Association du syndrome de Sj\u00f6gren\",\"description\":\"\",\"publisher\":{\"@id\":\"https:\/\/sjogren.ca\/en\/#organization\"},\"potentialAction\":[{\"@type\":\"SearchAction\",\"target\":{\"@type\":\"EntryPoint\",\"urlTemplate\":\"https:\/\/sjogren.ca\/en\/?s={search_term_string}\"},\"query-input\":{\"@type\":\"PropertyValueSpecification\",\"valueRequired\":true,\"valueName\":\"search_term_string\"}}],\"inLanguage\":\"en-US\"},{\"@type\":\"Organization\",\"@id\":\"https:\/\/sjogren.ca\/en\/#organization\",\"name\":\"Association du syndrome de Sj\u00f6gren\",\"url\":\"https:\/\/sjogren.ca\/en\/\",\"logo\":{\"@type\":\"ImageObject\",\"inLanguage\":\"en-US\",\"@id\":\"https:\/\/sjogren.ca\/en\/#\/schema\/logo\/image\/\",\"url\":\"https:\/\/sjogren.ca\/wp-content\/uploads\/2023\/04\/logo-association-sjogren.jpg\",\"contentUrl\":\"https:\/\/sjogren.ca\/wp-content\/uploads\/2023\/04\/logo-association-sjogren.jpg\",\"width\":140,\"height\":92,\"caption\":\"Association du syndrome de Sj\u00f6gren\"},\"image\":{\"@id\":\"https:\/\/sjogren.ca\/en\/#\/schema\/logo\/image\/\"}}]}<\/script>\n<!-- \/ Yoast SEO plugin. -->","yoast_head_json":{"title":"Research - Association du syndrome de Sj\u00f6gren","robots":{"index":"index","follow":"follow","max-snippet":"max-snippet:-1","max-image-preview":"max-image-preview:large","max-video-preview":"max-video-preview:-1"},"canonical":"https:\/\/sjogren.ca\/en\/research\/","og_locale":"en_US","og_type":"article","og_title":"Research - Association du syndrome de Sj\u00f6gren","og_description":"Recherche clinique Qu\u00e9bec: a new provincial resource for clinical research Medical research: the hidden face of the healthcare system. Like an iceberg, underneath the visible part of our healthcare system lies a medical research ecosystem in which numerous scientists, ethics committees and clinical research specialists work. Although still little-known, the medical research ecosystem is essential: [&hellip;]","og_url":"https:\/\/sjogren.ca\/en\/research\/","og_site_name":"Association du syndrome de Sj\u00f6gren","article_modified_time":"2024-08-03T21:34:53+00:00","twitter_card":"summary_large_image","twitter_misc":{"Est. reading time":"10 minutes"},"schema":{"@context":"https:\/\/schema.org","@graph":[{"@type":"WebPage","@id":"https:\/\/sjogren.ca\/en\/research\/","url":"https:\/\/sjogren.ca\/en\/research\/","name":"Research - Association du syndrome de Sj\u00f6gren","isPartOf":{"@id":"https:\/\/sjogren.ca\/en\/#website"},"datePublished":"2024-07-11T13:42:25+00:00","dateModified":"2024-08-03T21:34:53+00:00","breadcrumb":{"@id":"https:\/\/sjogren.ca\/en\/research\/#breadcrumb"},"inLanguage":"en-US","potentialAction":[{"@type":"ReadAction","target":["https:\/\/sjogren.ca\/en\/research\/"]}]},{"@type":"BreadcrumbList","@id":"https:\/\/sjogren.ca\/en\/research\/#breadcrumb","itemListElement":[{"@type":"ListItem","position":1,"name":"Accueil","item":"https:\/\/sjogren.ca\/en\/"},{"@type":"ListItem","position":2,"name":"Research"}]},{"@type":"WebSite","@id":"https:\/\/sjogren.ca\/en\/#website","url":"https:\/\/sjogren.ca\/en\/","name":"Association du syndrome de Sj\u00f6gren","description":"","publisher":{"@id":"https:\/\/sjogren.ca\/en\/#organization"},"potentialAction":[{"@type":"SearchAction","target":{"@type":"EntryPoint","urlTemplate":"https:\/\/sjogren.ca\/en\/?s={search_term_string}"},"query-input":{"@type":"PropertyValueSpecification","valueRequired":true,"valueName":"search_term_string"}}],"inLanguage":"en-US"},{"@type":"Organization","@id":"https:\/\/sjogren.ca\/en\/#organization","name":"Association du syndrome de Sj\u00f6gren","url":"https:\/\/sjogren.ca\/en\/","logo":{"@type":"ImageObject","inLanguage":"en-US","@id":"https:\/\/sjogren.ca\/en\/#\/schema\/logo\/image\/","url":"https:\/\/sjogren.ca\/wp-content\/uploads\/2023\/04\/logo-association-sjogren.jpg","contentUrl":"https:\/\/sjogren.ca\/wp-content\/uploads\/2023\/04\/logo-association-sjogren.jpg","width":140,"height":92,"caption":"Association du syndrome de Sj\u00f6gren"},"image":{"@id":"https:\/\/sjogren.ca\/en\/#\/schema\/logo\/image\/"}}]}},"_links":{"self":[{"href":"https:\/\/sjogren.ca\/en\/wp-json\/wp\/v2\/pages\/4364","targetHints":{"allow":["GET"]}}],"collection":[{"href":"https:\/\/sjogren.ca\/en\/wp-json\/wp\/v2\/pages"}],"about":[{"href":"https:\/\/sjogren.ca\/en\/wp-json\/wp\/v2\/types\/page"}],"author":[{"embeddable":true,"href":"https:\/\/sjogren.ca\/en\/wp-json\/wp\/v2\/users\/3"}],"replies":[{"embeddable":true,"href":"https:\/\/sjogren.ca\/en\/wp-json\/wp\/v2\/comments?post=4364"}],"version-history":[{"count":15,"href":"https:\/\/sjogren.ca\/en\/wp-json\/wp\/v2\/pages\/4364\/revisions"}],"predecessor-version":[{"id":4691,"href":"https:\/\/sjogren.ca\/en\/wp-json\/wp\/v2\/pages\/4364\/revisions\/4691"}],"wp:attachment":[{"href":"https:\/\/sjogren.ca\/en\/wp-json\/wp\/v2\/media?parent=4364"}],"curies":[{"name":"wp","href":"https:\/\/api.w.org\/{rel}","templated":true}]}}