{"id":2604,"date":"2023-09-22T11:48:10","date_gmt":"2023-09-22T15:48:10","guid":{"rendered":"https:\/\/sjogrens.ca\/?page_id=2604"},"modified":"2024-07-12T14:48:54","modified_gmt":"2024-07-12T18:48:54","slug":"privacy-policy","status":"publish","type":"page","link":"https:\/\/sjogren.ca\/en\/privacy-policy\/","title":{"rendered":"Privacy Policy"},"content":{"rendered":"\n\n\t<h3><strong>Privacy Policy<\/strong><\/h3>\n<p>This privacy policy describes how your personal information is collected and used.<\/p>\n<p>The Sj\u00f6gren&#8217;s Syndrome Association (hereinafter referred to as &#8220;the Association&#8221;, Sj\u00f6gren Quebec, &#8220;we&#8221;, &#8220;us&#8221;, or &#8220;our&#8221;) is committed to respecting the privacy of our members, volunteers, customers, and anyone else who visits our website or interacts with us. The purpose of this Privacy Policy is to inform you about how we collect, use, disclose and protect your personal information in accordance with Quebec&#8217;s Act 25 respecting the protection of personal information in the private sector.<\/p>\n<p>This\u00a0<em>Policy on the Protection of Personal Information<\/em>\u00a0is intended to help you understand our personal information collection, use, disclosure and retention practices. By providing us with personal information through our website, by completing an event participation form, by email, in person or by telephone, you agree to its processing in accordance with this\u00a0<em>Privacy Policy<\/em>, and you authorize SJOGREN&#8217;S SYNDROME ASSOCIATION its third parties and service providers to process your personal information for the purposes set out below.<\/p>\n<p>This Policy does not apply to third-party websites that may be accessed through links on this website, and SJOGREN&#8217;S SYNDROME ASSOCIATION is not responsible in any way for such third-party websites. If you follow a link to a third-party website, that site will have its own privacy policies that you should review carefully before submitting any personal information.<\/p>\n<ol>\n<li><strong> Collection of Personal Information<\/strong><\/li>\n<\/ol>\n<p>We may collect various types of personal information, including, but not limited to, the following:<\/p>\n<ul>\n<li>Last name, first name, postal address, e-mail address, telephone number.<\/li>\n<li>Financial information for payment processing (if applicable).<\/li>\n<li>Login and usage information when you visit our website, including browsing data and cookies (please see our <a href=\"https:\/\/sjogren.ca\/en\/cookies-policy-ca\/\"><strong>Cookie Policy<\/strong><\/a> for more information).<\/li>\n<\/ul>\n<p>We collect this information in a variety of ways, including when you provide it to us directly, when you browse our website, or when we lawfully obtain it from third-party sources.<\/p>\n<ol start=\"2\">\n<li><strong> Use of Personal Information<\/strong><\/li>\n<\/ol>\n<p>We use your personal information with your consent for the following purposes:<\/p>\n<ul>\n<li>To manage and maintain our association.<\/li>\n<li>To communicate with you, to respond to the request we have received from you, including to inform you about our activities, events and news.<\/li>\n<li>To process payments and donations (where applicable).<\/li>\n<li>To personalize and enhance your experience on our website.<\/li>\n<li>To comply with applicable laws and regulations.<\/li>\n<\/ul>\n<ol start=\"3\">\n<li><strong> Disclosure of Personal Information<\/strong><\/li>\n<\/ol>\n<p>We will only disclose your personal information with your consent or when required by law. We may share your information with our third-party service providers, but only to the extent necessary to provide the services we have engaged.<\/p>\n<ol start=\"4\">\n<li><strong> Security of Personal Information<\/strong><\/li>\n<\/ol>\n<p>We implement appropriate security measures to protect your personal information from unauthorized access, use, disclosure or destruction.<\/p>\n<ol start=\"5\">\n<li><strong> Accessing and Updating Personal Information<\/strong><\/li>\n<\/ol>\n<p>Under certain circumstances and in accordance with applicable data protection laws, an individual has the following rights:<\/p>\n<ul>\n<li>Access: the right to ask whether we process information and, if so, to request access to personal information. Subject to applicable law and, where applicable, the payment of a fee, an individual may thus obtain a copy of the personal information we hold and certain other information about them;<\/li>\n<li>Accuracy: we are required to take reasonable steps to ensure that personal information we hold is accurate, complete, non-misleading and up-to-date;<\/li>\n<li>Correction: the right to request rectification of any incomplete or inaccurate personal information held by us;<\/li>\n<\/ul>\n<p>To exercise any of these rights, please contact us as indicated in the\u00a0<strong>How to\u00a0<\/strong><strong>C<\/strong><strong>ontact\u00a0<\/strong><strong>U<\/strong><strong>s<\/strong>\u00a0section.<\/p>\n<ol>\n<li><strong> How to contact us<\/strong><\/li>\n<\/ol>\n<p>If you have any questions, concerns or requests regarding this Privacy Policy or our privacy practices, please contact our Privacy Officer at the following coordinates:<\/p>\n<b>Sj\u00f6gren Qu\u00e9bec (Sj\u00f6gren&#8217;s Syndrome Association)<br \/>\n<\/b>Ms. Lise St-Andr\u00e9<br \/>\n706 rue Laurier, Bureau 100A<br \/>\nBeloeil, Qu\u00e9bec J3G 4J6<br \/>\nTelephone : 514-934-3666 ; Toll free : 877-934-3666<br \/>\n<a href=\"mailto:sjogrenquebec@gmail.com\"><b>sjogrenquebec@gmail.com<\/b><\/a>\n<ol>\n<li><strong>Changes to this Policy<\/strong><\/li>\n<\/ol>\n<p>We may update this Privacy Policy from time to time to reflect, for example, changes in our practices or for other operational, legal or regulatory reasons. Any changes will be posted on our website with the date of the last update. Please check this policy regularly for updates.<\/p>\n<p><em>This policy was last updated on July 12, 2024.<\/em><\/p>\n\n","protected":false},"excerpt":{"rendered":"<p>Privacy Policy This privacy policy describes how your personal information is collected and used. The Sj\u00f6gren&#8217;s Syndrome Association (hereinafter referred to as &#8220;the Association&#8221;, Sj\u00f6gren Quebec, &#8220;we&#8221;, &#8220;us&#8221;, or &#8220;our&#8221;) is committed to respecting the privacy of our members, volunteers, customers, and anyone else who visits our website or interacts with us. The purpose of [&hellip;]<\/p>\n","protected":false},"author":1,"featured_media":0,"parent":0,"menu_order":0,"comment_status":"closed","ping_status":"closed","template":"template-page-builder.php","meta":{"_genesis_hide_title":false,"_genesis_hide_breadcrumbs":false,"_genesis_hide_singular_image":false,"_genesis_hide_footer_widgets":false,"_genesis_custom_body_class":"","_genesis_custom_post_class":"","_genesis_layout":"","footnotes":""},"class_list":{"0":"post-2604","1":"page","2":"type-page","3":"status-publish","5":"entry"},"yoast_head":"<!-- This site is optimized with the Yoast SEO plugin v27.3 - https:\/\/yoast.com\/product\/yoast-seo-wordpress\/ -->\n<title>Privacy Policy - Association du syndrome de Sj\u00f6gren<\/title>\n<meta name=\"robots\" content=\"index, follow, max-snippet:-1, max-image-preview:large, max-video-preview:-1\" \/>\n<link rel=\"canonical\" href=\"https:\/\/sjogren.ca\/en\/privacy-policy\/\" \/>\n<meta property=\"og:locale\" content=\"en_US\" \/>\n<meta property=\"og:type\" content=\"article\" \/>\n<meta property=\"og:title\" content=\"Privacy Policy - Association du syndrome de Sj\u00f6gren\" \/>\n<meta property=\"og:description\" content=\"Privacy Policy This privacy policy describes how your personal information is collected and used. The Sj\u00f6gren&#8217;s Syndrome Association (hereinafter referred to as &#8220;the Association&#8221;, Sj\u00f6gren Quebec, &#8220;we&#8221;, &#8220;us&#8221;, or &#8220;our&#8221;) is committed to respecting the privacy of our members, volunteers, customers, and anyone else who visits our website or interacts with us. The purpose of [&hellip;]\" \/>\n<meta property=\"og:url\" content=\"https:\/\/sjogren.ca\/en\/privacy-policy\/\" \/>\n<meta property=\"og:site_name\" content=\"Association du syndrome de Sj\u00f6gren\" \/>\n<meta property=\"article:modified_time\" content=\"2024-07-12T18:48:54+00:00\" \/>\n<meta name=\"twitter:card\" content=\"summary_large_image\" \/>\n<meta name=\"twitter:label1\" content=\"Est. reading time\" \/>\n\t<meta name=\"twitter:data1\" content=\"3 minutes\" \/>\n<script type=\"application\/ld+json\" class=\"yoast-schema-graph\">{\"@context\":\"https:\\\/\\\/schema.org\",\"@graph\":[{\"@type\":\"WebPage\",\"@id\":\"https:\\\/\\\/sjogren.ca\\\/en\\\/privacy-policy\\\/\",\"url\":\"https:\\\/\\\/sjogren.ca\\\/en\\\/privacy-policy\\\/\",\"name\":\"Privacy Policy - Association du syndrome de Sj\u00f6gren\",\"isPartOf\":{\"@id\":\"https:\\\/\\\/sjogren.ca\\\/en\\\/#website\"},\"datePublished\":\"2023-09-22T15:48:10+00:00\",\"dateModified\":\"2024-07-12T18:48:54+00:00\",\"breadcrumb\":{\"@id\":\"https:\\\/\\\/sjogren.ca\\\/en\\\/privacy-policy\\\/#breadcrumb\"},\"inLanguage\":\"en-US\",\"potentialAction\":[{\"@type\":\"ReadAction\",\"target\":[\"https:\\\/\\\/sjogren.ca\\\/en\\\/privacy-policy\\\/\"]}]},{\"@type\":\"BreadcrumbList\",\"@id\":\"https:\\\/\\\/sjogren.ca\\\/en\\\/privacy-policy\\\/#breadcrumb\",\"itemListElement\":[{\"@type\":\"ListItem\",\"position\":1,\"name\":\"Accueil\",\"item\":\"https:\\\/\\\/sjogren.ca\\\/en\\\/\"},{\"@type\":\"ListItem\",\"position\":2,\"name\":\"Privacy Policy\"}]},{\"@type\":\"WebSite\",\"@id\":\"https:\\\/\\\/sjogren.ca\\\/en\\\/#website\",\"url\":\"https:\\\/\\\/sjogren.ca\\\/en\\\/\",\"name\":\"Association du syndrome de Sj\u00f6gren\",\"description\":\"\",\"publisher\":{\"@id\":\"https:\\\/\\\/sjogren.ca\\\/en\\\/#organization\"},\"potentialAction\":[{\"@type\":\"SearchAction\",\"target\":{\"@type\":\"EntryPoint\",\"urlTemplate\":\"https:\\\/\\\/sjogren.ca\\\/en\\\/?s={search_term_string}\"},\"query-input\":{\"@type\":\"PropertyValueSpecification\",\"valueRequired\":true,\"valueName\":\"search_term_string\"}}],\"inLanguage\":\"en-US\"},{\"@type\":\"Organization\",\"@id\":\"https:\\\/\\\/sjogren.ca\\\/en\\\/#organization\",\"name\":\"Association du syndrome de Sj\u00f6gren\",\"url\":\"https:\\\/\\\/sjogren.ca\\\/en\\\/\",\"logo\":{\"@type\":\"ImageObject\",\"inLanguage\":\"en-US\",\"@id\":\"https:\\\/\\\/sjogren.ca\\\/en\\\/#\\\/schema\\\/logo\\\/image\\\/\",\"url\":\"https:\\\/\\\/sjogren.ca\\\/wp-content\\\/uploads\\\/2023\\\/04\\\/logo-association-sjogren.jpg\",\"contentUrl\":\"https:\\\/\\\/sjogren.ca\\\/wp-content\\\/uploads\\\/2023\\\/04\\\/logo-association-sjogren.jpg\",\"width\":140,\"height\":92,\"caption\":\"Association du syndrome de Sj\u00f6gren\"},\"image\":{\"@id\":\"https:\\\/\\\/sjogren.ca\\\/en\\\/#\\\/schema\\\/logo\\\/image\\\/\"}}]}<\/script>\n<!-- \/ Yoast SEO plugin. -->","yoast_head_json":{"title":"Privacy Policy - Association du syndrome de Sj\u00f6gren","robots":{"index":"index","follow":"follow","max-snippet":"max-snippet:-1","max-image-preview":"max-image-preview:large","max-video-preview":"max-video-preview:-1"},"canonical":"https:\/\/sjogren.ca\/en\/privacy-policy\/","og_locale":"en_US","og_type":"article","og_title":"Privacy Policy - Association du syndrome de Sj\u00f6gren","og_description":"Privacy Policy This privacy policy describes how your personal information is collected and used. The Sj\u00f6gren&#8217;s Syndrome Association (hereinafter referred to as &#8220;the Association&#8221;, Sj\u00f6gren Quebec, &#8220;we&#8221;, &#8220;us&#8221;, or &#8220;our&#8221;) is committed to respecting the privacy of our members, volunteers, customers, and anyone else who visits our website or interacts with us. The purpose of [&hellip;]","og_url":"https:\/\/sjogren.ca\/en\/privacy-policy\/","og_site_name":"Association du syndrome de Sj\u00f6gren","article_modified_time":"2024-07-12T18:48:54+00:00","twitter_card":"summary_large_image","twitter_misc":{"Est. reading time":"3 minutes"},"schema":{"@context":"https:\/\/schema.org","@graph":[{"@type":"WebPage","@id":"https:\/\/sjogren.ca\/en\/privacy-policy\/","url":"https:\/\/sjogren.ca\/en\/privacy-policy\/","name":"Privacy Policy - Association du syndrome de Sj\u00f6gren","isPartOf":{"@id":"https:\/\/sjogren.ca\/en\/#website"},"datePublished":"2023-09-22T15:48:10+00:00","dateModified":"2024-07-12T18:48:54+00:00","breadcrumb":{"@id":"https:\/\/sjogren.ca\/en\/privacy-policy\/#breadcrumb"},"inLanguage":"en-US","potentialAction":[{"@type":"ReadAction","target":["https:\/\/sjogren.ca\/en\/privacy-policy\/"]}]},{"@type":"BreadcrumbList","@id":"https:\/\/sjogren.ca\/en\/privacy-policy\/#breadcrumb","itemListElement":[{"@type":"ListItem","position":1,"name":"Accueil","item":"https:\/\/sjogren.ca\/en\/"},{"@type":"ListItem","position":2,"name":"Privacy Policy"}]},{"@type":"WebSite","@id":"https:\/\/sjogren.ca\/en\/#website","url":"https:\/\/sjogren.ca\/en\/","name":"Association du syndrome de Sj\u00f6gren","description":"","publisher":{"@id":"https:\/\/sjogren.ca\/en\/#organization"},"potentialAction":[{"@type":"SearchAction","target":{"@type":"EntryPoint","urlTemplate":"https:\/\/sjogren.ca\/en\/?s={search_term_string}"},"query-input":{"@type":"PropertyValueSpecification","valueRequired":true,"valueName":"search_term_string"}}],"inLanguage":"en-US"},{"@type":"Organization","@id":"https:\/\/sjogren.ca\/en\/#organization","name":"Association du syndrome de Sj\u00f6gren","url":"https:\/\/sjogren.ca\/en\/","logo":{"@type":"ImageObject","inLanguage":"en-US","@id":"https:\/\/sjogren.ca\/en\/#\/schema\/logo\/image\/","url":"https:\/\/sjogren.ca\/wp-content\/uploads\/2023\/04\/logo-association-sjogren.jpg","contentUrl":"https:\/\/sjogren.ca\/wp-content\/uploads\/2023\/04\/logo-association-sjogren.jpg","width":140,"height":92,"caption":"Association du syndrome de Sj\u00f6gren"},"image":{"@id":"https:\/\/sjogren.ca\/en\/#\/schema\/logo\/image\/"}}]}},"_links":{"self":[{"href":"https:\/\/sjogren.ca\/en\/wp-json\/wp\/v2\/pages\/2604","targetHints":{"allow":["GET"]}}],"collection":[{"href":"https:\/\/sjogren.ca\/en\/wp-json\/wp\/v2\/pages"}],"about":[{"href":"https:\/\/sjogren.ca\/en\/wp-json\/wp\/v2\/types\/page"}],"author":[{"embeddable":true,"href":"https:\/\/sjogren.ca\/en\/wp-json\/wp\/v2\/users\/1"}],"replies":[{"embeddable":true,"href":"https:\/\/sjogren.ca\/en\/wp-json\/wp\/v2\/comments?post=2604"}],"version-history":[{"count":12,"href":"https:\/\/sjogren.ca\/en\/wp-json\/wp\/v2\/pages\/2604\/revisions"}],"predecessor-version":[{"id":4407,"href":"https:\/\/sjogren.ca\/en\/wp-json\/wp\/v2\/pages\/2604\/revisions\/4407"}],"wp:attachment":[{"href":"https:\/\/sjogren.ca\/en\/wp-json\/wp\/v2\/media?parent=2604"}],"curies":[{"name":"wp","href":"https:\/\/api.w.org\/{rel}","templated":true}]}}