{"id":126,"date":"2016-01-25T15:43:25","date_gmt":"2016-01-25T20:43:25","guid":{"rendered":"http:\/\/wpperso.fpdevel.ca\/en\/?page_id=126"},"modified":"2024-06-09T16:54:00","modified_gmt":"2024-06-09T20:54:00","slug":"diagnostics","status":"publish","type":"page","link":"https:\/\/sjogren.ca\/en\/sjogrens-syndrome\/diagnostics\/","title":{"rendered":"Diagnostics"},"content":{"rendered":"\n\n\t<h4>How can we diagnose Sj\u00f6gren syndrome?<\/h4>\n<p><em>Diagnosis of Sj\u00f6gren&#8217;s syndrome is based on a combination of clinical symptoms, blood markers, and disease-specific tests. Specifically, autoantibodies such as anti-SSA, anti-SSB and anti-Ro52 can be blood markers of Sj\u00f6gren syndrome. Salivary gland dysfunction can be confirmed by objective tests carried out by an oral medicine specialist by measuring the quantity of saliva produced. Likewise, the presence of dry eyes can be objectified by an ophthalmologist, using the Schirmer test (which consists of measuring the quantity of tears produced in the space of five minutes) and tests aimed at identifying damage to the eye. the surface of the eye caused by the deficiency of tears. A biopsy of the salivary glands in the lip can also be done to confirm the diagnosis. (Source: Dr. Shen, rheumatologist &#8211; 2028-05-28)<\/em><\/p>\n<h4>Some of the tests your doctor will conduct before making a diagnosis of Sj\u00f6gren&#8217;s syndrome are outlined below:<\/h4>\n<h4>Blood Tests<\/h4>\n<p>Blood tests are used to detect antibodies associated with primary Sj\u00f6gren&#8217;s syndrome such as: Rheumatoid Factor (RF), Anti-nuclear Antibodies (ANA), Sj\u00f6gren&#8217;s Syndrome-associated antigens A and B (SSA and SSB) also known as (anti-RO and anti-LA) and <em>anti-Ro52.<\/em><\/p>\n<h4>Tests To Assess Dry Eyes<\/h4>\n<p>Today, there are many techniques used to diagnose dry eyes. Your physician may use one, or all these methods.<\/p>\n<ul>\n<li>The Slit Lamp exam gives an indication of the volume of the tears by magnifying the eye and viewing it in its resting state.<br \/>\nThe Lissamine Green or Rose Bengal may be used to determine any degenerated cells or breakdowns in the tear film.<\/li>\n<li>The quantity of ones tears is tested. Using a Colour Bar Schirmer Test, the tip of a treated, calibrated strip of paper is placed in the lower lid of your eye to measure the amount of tears produced during a five-minute period.<\/li>\n<li>If the patient has particularly dry eyes sometimes the doctor will use a method that involves temporarily closing the tear duct (punctual) canal. A small collagen plug is inserted into the tear duct until it completely disappears just below the opening, thus acting like a stopper in a sink. This will prevent tear drainage, causing ones own tears to bathe the eye for a longer period of time. In about a week, this plug will dissolve and wash away with the tears. Patient and doctor may then evaluate if permanent closure may be required.<\/li>\n<\/ul>\n<h4>Tests To Assess Dry Mouth<\/h4>\n<p>The most common test is a lip biopsy which will show if there is inflammation of the salivary glands. Your doctor might also choose to do other tests.<\/p>\n<ul>\n<li>Lip Biopsy: An incision of approximately 2 cm on the surface of the lower lip and excision of some minor salivary glands for microscopic examination and analysis.<\/li>\n<li>Sialography: An x-ray examination of the salivary duct system after radiologically sensitive dye has been injected into it.<\/li>\n<li>Salivary Scintigraphy: This test measures salivary gland function by injecting radioactive material into the salivary glands.<\/li>\n<li>Magnetic Resonance and Ultrasound examination of the Parotid gland.<\/li>\n<\/ul>\n<p>The signs and symptoms of Sj\u00f6gren&#8217;s appear gradually and often go unrecognized for years. Symptoms also may mimic other conditions such as lupus, multiple sclerosis or rheumatoid arthritis.<\/p>\n<p>If you suspect you may have Sj\u00f6gren&#8217;s, see your doctor. He or she will conduct a thorough history and physical examination, and may refer you to a rheumatologist. <strong>Diagnosis must be made carefully<\/strong> to distinguish between symptoms associated with Sj\u00f6gren&#8217;s and various other potential causes of dryness in the mouth and eyes such as radiation or medication (there are about 400 drugs that can cause dry mouth and eyes).<\/p>\n<h5><em>2024-06-01<\/em><\/h5>\n\n","protected":false},"excerpt":{"rendered":"<p>How can we diagnose Sj\u00f6gren syndrome? Diagnosis of Sj\u00f6gren&#8217;s syndrome is based on a combination of clinical symptoms, blood markers, and disease-specific tests. Specifically, autoantibodies such as anti-SSA, anti-SSB and anti-Ro52 can be blood markers of Sj\u00f6gren syndrome. Salivary gland dysfunction can be confirmed by objective tests carried out by an oral medicine specialist by [&hellip;]<\/p>\n","protected":false},"author":1,"featured_media":0,"parent":932,"menu_order":0,"comment_status":"closed","ping_status":"closed","template":"template-page-builder.php","meta":{"_genesis_hide_title":false,"_genesis_hide_breadcrumbs":false,"_genesis_hide_singular_image":false,"_genesis_hide_footer_widgets":false,"_genesis_custom_body_class":"","_genesis_custom_post_class":"","_genesis_layout":"","footnotes":""},"class_list":{"0":"post-126","1":"page","2":"type-page","3":"status-publish","5":"entry"},"yoast_head":"<!-- This site is optimized with the Yoast SEO plugin v27.0 - https:\/\/yoast.com\/product\/yoast-seo-wordpress\/ -->\n<title>Diagnostics - Association du syndrome de Sj\u00f6gren<\/title>\n<meta name=\"robots\" content=\"index, follow, max-snippet:-1, max-image-preview:large, max-video-preview:-1\" \/>\n<link rel=\"canonical\" href=\"https:\/\/sjogren.ca\/en\/sjogrens-syndrome\/diagnostics\/\" \/>\n<meta property=\"og:locale\" content=\"en_US\" \/>\n<meta property=\"og:type\" content=\"article\" \/>\n<meta property=\"og:title\" content=\"Diagnostics - Association du syndrome de Sj\u00f6gren\" \/>\n<meta property=\"og:description\" content=\"How can we diagnose Sj\u00f6gren syndrome? Diagnosis of Sj\u00f6gren&#8217;s syndrome is based on a combination of clinical symptoms, blood markers, and disease-specific tests. Specifically, autoantibodies such as anti-SSA, anti-SSB and anti-Ro52 can be blood markers of Sj\u00f6gren syndrome. Salivary gland dysfunction can be confirmed by objective tests carried out by an oral medicine specialist by [&hellip;]\" \/>\n<meta property=\"og:url\" content=\"https:\/\/sjogren.ca\/en\/sjogrens-syndrome\/diagnostics\/\" \/>\n<meta property=\"og:site_name\" content=\"Association du syndrome de Sj\u00f6gren\" \/>\n<meta property=\"article:modified_time\" content=\"2024-06-09T20:54:00+00:00\" \/>\n<meta name=\"twitter:card\" content=\"summary_large_image\" \/>\n<meta name=\"twitter:label1\" content=\"Est. reading time\" \/>\n\t<meta name=\"twitter:data1\" content=\"3 minutes\" \/>\n<script type=\"application\/ld+json\" class=\"yoast-schema-graph\">{\"@context\":\"https:\/\/schema.org\",\"@graph\":[{\"@type\":\"WebPage\",\"@id\":\"https:\/\/sjogren.ca\/en\/sjogrens-syndrome\/diagnostics\/\",\"url\":\"https:\/\/sjogren.ca\/en\/sjogrens-syndrome\/diagnostics\/\",\"name\":\"Diagnostics - Association du syndrome de Sj\u00f6gren\",\"isPartOf\":{\"@id\":\"https:\/\/sjogren.ca\/en\/#website\"},\"datePublished\":\"2016-01-25T20:43:25+00:00\",\"dateModified\":\"2024-06-09T20:54:00+00:00\",\"breadcrumb\":{\"@id\":\"https:\/\/sjogren.ca\/en\/sjogrens-syndrome\/diagnostics\/#breadcrumb\"},\"inLanguage\":\"en-US\",\"potentialAction\":[{\"@type\":\"ReadAction\",\"target\":[\"https:\/\/sjogren.ca\/en\/sjogrens-syndrome\/diagnostics\/\"]}]},{\"@type\":\"BreadcrumbList\",\"@id\":\"https:\/\/sjogren.ca\/en\/sjogrens-syndrome\/diagnostics\/#breadcrumb\",\"itemListElement\":[{\"@type\":\"ListItem\",\"position\":1,\"name\":\"Accueil\",\"item\":\"https:\/\/sjogren.ca\/en\/\"},{\"@type\":\"ListItem\",\"position\":2,\"name\":\"Sj\u00f6gren\u2019s Syndrome\",\"item\":\"https:\/\/sjogren.ca\/en\/sjogrens-syndrome\/\"},{\"@type\":\"ListItem\",\"position\":3,\"name\":\"Diagnostics\"}]},{\"@type\":\"WebSite\",\"@id\":\"https:\/\/sjogren.ca\/en\/#website\",\"url\":\"https:\/\/sjogren.ca\/en\/\",\"name\":\"Association du syndrome de Sj\u00f6gren\",\"description\":\"\",\"publisher\":{\"@id\":\"https:\/\/sjogren.ca\/en\/#organization\"},\"potentialAction\":[{\"@type\":\"SearchAction\",\"target\":{\"@type\":\"EntryPoint\",\"urlTemplate\":\"https:\/\/sjogren.ca\/en\/?s={search_term_string}\"},\"query-input\":{\"@type\":\"PropertyValueSpecification\",\"valueRequired\":true,\"valueName\":\"search_term_string\"}}],\"inLanguage\":\"en-US\"},{\"@type\":\"Organization\",\"@id\":\"https:\/\/sjogren.ca\/en\/#organization\",\"name\":\"Association du syndrome de Sj\u00f6gren\",\"url\":\"https:\/\/sjogren.ca\/en\/\",\"logo\":{\"@type\":\"ImageObject\",\"inLanguage\":\"en-US\",\"@id\":\"https:\/\/sjogren.ca\/en\/#\/schema\/logo\/image\/\",\"url\":\"https:\/\/sjogren.ca\/wp-content\/uploads\/2023\/04\/logo-association-sjogren.jpg\",\"contentUrl\":\"https:\/\/sjogren.ca\/wp-content\/uploads\/2023\/04\/logo-association-sjogren.jpg\",\"width\":140,\"height\":92,\"caption\":\"Association du syndrome de Sj\u00f6gren\"},\"image\":{\"@id\":\"https:\/\/sjogren.ca\/en\/#\/schema\/logo\/image\/\"}}]}<\/script>\n<!-- \/ Yoast SEO plugin. -->","yoast_head_json":{"title":"Diagnostics - Association du syndrome de Sj\u00f6gren","robots":{"index":"index","follow":"follow","max-snippet":"max-snippet:-1","max-image-preview":"max-image-preview:large","max-video-preview":"max-video-preview:-1"},"canonical":"https:\/\/sjogren.ca\/en\/sjogrens-syndrome\/diagnostics\/","og_locale":"en_US","og_type":"article","og_title":"Diagnostics - Association du syndrome de Sj\u00f6gren","og_description":"How can we diagnose Sj\u00f6gren syndrome? Diagnosis of Sj\u00f6gren&#8217;s syndrome is based on a combination of clinical symptoms, blood markers, and disease-specific tests. Specifically, autoantibodies such as anti-SSA, anti-SSB and anti-Ro52 can be blood markers of Sj\u00f6gren syndrome. Salivary gland dysfunction can be confirmed by objective tests carried out by an oral medicine specialist by [&hellip;]","og_url":"https:\/\/sjogren.ca\/en\/sjogrens-syndrome\/diagnostics\/","og_site_name":"Association du syndrome de Sj\u00f6gren","article_modified_time":"2024-06-09T20:54:00+00:00","twitter_card":"summary_large_image","twitter_misc":{"Est. reading time":"3 minutes"},"schema":{"@context":"https:\/\/schema.org","@graph":[{"@type":"WebPage","@id":"https:\/\/sjogren.ca\/en\/sjogrens-syndrome\/diagnostics\/","url":"https:\/\/sjogren.ca\/en\/sjogrens-syndrome\/diagnostics\/","name":"Diagnostics - Association du syndrome de Sj\u00f6gren","isPartOf":{"@id":"https:\/\/sjogren.ca\/en\/#website"},"datePublished":"2016-01-25T20:43:25+00:00","dateModified":"2024-06-09T20:54:00+00:00","breadcrumb":{"@id":"https:\/\/sjogren.ca\/en\/sjogrens-syndrome\/diagnostics\/#breadcrumb"},"inLanguage":"en-US","potentialAction":[{"@type":"ReadAction","target":["https:\/\/sjogren.ca\/en\/sjogrens-syndrome\/diagnostics\/"]}]},{"@type":"BreadcrumbList","@id":"https:\/\/sjogren.ca\/en\/sjogrens-syndrome\/diagnostics\/#breadcrumb","itemListElement":[{"@type":"ListItem","position":1,"name":"Accueil","item":"https:\/\/sjogren.ca\/en\/"},{"@type":"ListItem","position":2,"name":"Sj\u00f6gren\u2019s Syndrome","item":"https:\/\/sjogren.ca\/en\/sjogrens-syndrome\/"},{"@type":"ListItem","position":3,"name":"Diagnostics"}]},{"@type":"WebSite","@id":"https:\/\/sjogren.ca\/en\/#website","url":"https:\/\/sjogren.ca\/en\/","name":"Association du syndrome de Sj\u00f6gren","description":"","publisher":{"@id":"https:\/\/sjogren.ca\/en\/#organization"},"potentialAction":[{"@type":"SearchAction","target":{"@type":"EntryPoint","urlTemplate":"https:\/\/sjogren.ca\/en\/?s={search_term_string}"},"query-input":{"@type":"PropertyValueSpecification","valueRequired":true,"valueName":"search_term_string"}}],"inLanguage":"en-US"},{"@type":"Organization","@id":"https:\/\/sjogren.ca\/en\/#organization","name":"Association du syndrome de Sj\u00f6gren","url":"https:\/\/sjogren.ca\/en\/","logo":{"@type":"ImageObject","inLanguage":"en-US","@id":"https:\/\/sjogren.ca\/en\/#\/schema\/logo\/image\/","url":"https:\/\/sjogren.ca\/wp-content\/uploads\/2023\/04\/logo-association-sjogren.jpg","contentUrl":"https:\/\/sjogren.ca\/wp-content\/uploads\/2023\/04\/logo-association-sjogren.jpg","width":140,"height":92,"caption":"Association du syndrome de Sj\u00f6gren"},"image":{"@id":"https:\/\/sjogren.ca\/en\/#\/schema\/logo\/image\/"}}]}},"_links":{"self":[{"href":"https:\/\/sjogren.ca\/en\/wp-json\/wp\/v2\/pages\/126","targetHints":{"allow":["GET"]}}],"collection":[{"href":"https:\/\/sjogren.ca\/en\/wp-json\/wp\/v2\/pages"}],"about":[{"href":"https:\/\/sjogren.ca\/en\/wp-json\/wp\/v2\/types\/page"}],"author":[{"embeddable":true,"href":"https:\/\/sjogren.ca\/en\/wp-json\/wp\/v2\/users\/1"}],"replies":[{"embeddable":true,"href":"https:\/\/sjogren.ca\/en\/wp-json\/wp\/v2\/comments?post=126"}],"version-history":[{"count":13,"href":"https:\/\/sjogren.ca\/en\/wp-json\/wp\/v2\/pages\/126\/revisions"}],"predecessor-version":[{"id":3505,"href":"https:\/\/sjogren.ca\/en\/wp-json\/wp\/v2\/pages\/126\/revisions\/3505"}],"up":[{"embeddable":true,"href":"https:\/\/sjogren.ca\/en\/wp-json\/wp\/v2\/pages\/932"}],"wp:attachment":[{"href":"https:\/\/sjogren.ca\/en\/wp-json\/wp\/v2\/media?parent=126"}],"curies":[{"name":"wp","href":"https:\/\/api.w.org\/{rel}","templated":true}]}}